{"id":1017,"date":"2021-10-10T20:34:53","date_gmt":"2021-10-10T17:34:53","guid":{"rendered":"https:\/\/dogaltaslardukkani.com\/blog\/index.php\/tiehome\/"},"modified":"2022-03-30T13:12:25","modified_gmt":"2022-03-30T10:12:25","slug":"tiehome","status":"publish","type":"page","link":"https:\/\/dogaltaslardukkani.com\/blog\/","title":{"rendered":"Ana Sayfa"},"content":{"rendered":"<div class=\"elementor-element elementor-element-54ce1627 elementor-widget elementor-widget-heading\" data-id=\"54ce1627\" data-element_type=\"widget\" data-widget_type=\"heading.default\">\n<div class=\"elementor-widget-container\">\n<h2 class=\"elementor-heading-title elementor-size-default\" style=\"text-align: center;\">Do\u011fal Ta\u015flar D\u00fckkan\u0131 &#8211; Do\u011fal Ta\u015flar\u0131n Sihirli D\u00fcnyas\u0131<\/h2>\n<\/div>\n<\/div>\n<div class=\"elementor-element elementor-element-537e49f2 elementor-widget elementor-widget-text-editor\" data-id=\"537e49f2\" data-element_type=\"widget\" data-widget_type=\"text-editor.default\">\n<div class=\"elementor-widget-container\">\n<p style=\"text-align: center;\"><strong>Do\u011fal ta\u015flar<\/strong>\u0131n sihirli bir g\u00fcc\u00fc oldu\u011funu biliyor ve inan\u0131yoruz. Y\u00fczlerce y\u0131ld\u0131r s\u00fcre gelen\u00a0<strong>do\u011fal ta\u015flar<\/strong>\u0131n bu g\u00fcc\u00fc ile \u015fifalanma zaman\u0131n\u0131z geldi. Sorun veya derdiniz her ne olursa olsun mutlaka kendinize uygun bir\u00a0<strong>do\u011fal ta\u015flar<\/strong>\u00a0bulabilirsiniz. Biz b\u00fct\u00fcn\u00a0<strong>do\u011fal ta\u015flar<\/strong>\u0131 k\u0131ymetli buluyoruz \u00f6zellikle Ametist, Akik, Akuamarin, Ammonit, Ay Ta\u015f\u0131, Y\u0131ld\u0131z Ta\u015f\u0131, Dumanl\u0131 Kuvars, Kalsedon, Kalsit, Kan Ta\u015f\u0131, Kedi G\u00f6z\u00fc, Kehribar, Krizokol, Lav Ta\u015f\u0131, Mavi Kuvars, Obsidyen, Selenit, Turkuaz, Firuze Ta\u015f\u0131, Ye\u015fim Ta\u015f\u0131 ,Pembe Kuvars, Sitrin, Opal, Kristal Kuvars, Hematit, Agat, Kaplan G\u00f6z\u00fc ve dahas\u0131 sizler i\u00e7in bekliyor.\u00a0<strong>Do\u011fal ta\u015flar<\/strong>\u0131n sihirli g\u00fcc\u00fc ile \u015fifalanman\u0131z dile\u011fiyle<br \/>\n<a href=\"https:\/\/www.dogaltaslardukkani.com\/\">https:\/\/www.dogaltaslardukkani.com<\/a><\/p>\n<\/div>\n<\/div>\n","protected":false},"excerpt":{"rendered":"<p>Do\u011fal Ta\u015flar D\u00fckkan\u0131 &#8211; Do\u011fal Ta\u015flar\u0131n Sihirli D\u00fcnyas\u0131 Do\u011fal ta\u015flar\u0131n sihirli bir g\u00fcc\u00fc oldu\u011funu biliyor ve inan\u0131yoruz. Y\u00fczlerce y\u0131ld\u0131r s\u00fcre gelen\u00a0do\u011fal ta\u015flar\u0131n bu g\u00fcc\u00fc ile \u015fifalanma zaman\u0131n\u0131z geldi. Sorun veya derdiniz her ne olursa olsun mutlaka kendinize uygun bir\u00a0do\u011fal ta\u015flar\u00a0bulabilirsiniz. Biz b\u00fct\u00fcn\u00a0do\u011fal ta\u015flar\u0131 k\u0131ymetli buluyoruz \u00f6zellikle Ametist, Akik, Akuamarin, Ammonit, Ay Ta\u015f\u0131, Y\u0131ld\u0131z Ta\u015f\u0131, Dumanl\u0131 &hellip;<\/p>\n","protected":false},"author":1,"featured_media":1025,"parent":0,"menu_order":0,"comment_status":"closed","ping_status":"closed","template":"","meta":{"footnotes":""},"class_list":["post-1017","page","type-page","status-publish","has-post-thumbnail","hentry"],"_links":{"self":[{"href":"https:\/\/dogaltaslardukkani.com\/blog\/wp-json\/wp\/v2\/pages\/1017","targetHints":{"allow":["GET"]}}],"collection":[{"href":"https:\/\/dogaltaslardukkani.com\/blog\/wp-json\/wp\/v2\/pages"}],"about":[{"href":"https:\/\/dogaltaslardukkani.com\/blog\/wp-json\/wp\/v2\/types\/page"}],"author":[{"embeddable":true,"href":"https:\/\/dogaltaslardukkani.com\/blog\/wp-json\/wp\/v2\/users\/1"}],"replies":[{"embeddable":true,"href":"https:\/\/dogaltaslardukkani.com\/blog\/wp-json\/wp\/v2\/comments?post=1017"}],"version-history":[{"count":4,"href":"https:\/\/dogaltaslardukkani.com\/blog\/wp-json\/wp\/v2\/pages\/1017\/revisions"}],"predecessor-version":[{"id":1716,"href":"https:\/\/dogaltaslardukkani.com\/blog\/wp-json\/wp\/v2\/pages\/1017\/revisions\/1716"}],"wp:featuredmedia":[{"embeddable":true,"href":"https:\/\/dogaltaslardukkani.com\/blog\/wp-json\/wp\/v2\/media\/1025"}],"wp:attachment":[{"href":"https:\/\/dogaltaslardukkani.com\/blog\/wp-json\/wp\/v2\/media?parent=1017"}],"curies":[{"name":"wp","href":"https:\/\/api.w.org\/{rel}","templated":true}]}}